{"id":78,"date":"2024-07-11T07:10:26","date_gmt":"2024-07-11T07:10:26","guid":{"rendered":"https:\/\/xstore.8theme.com\/elementor3\/architecture-studio\/?page_id=78"},"modified":"2026-01-07T15:41:22","modified_gmt":"2026-01-07T12:41:22","slug":"about-us","status":"publish","type":"page","link":"https:\/\/saraysa.net\/en\/about-us\/","title":{"rendered":"About us"},"content":{"rendered":"<div data-elementor-type=\"wp-page\" data-elementor-id=\"78\" class=\"elementor elementor-78\" data-elementor-post-type=\"page\">\n\t\t\t\t<div class=\"elementor-element elementor-element-688203d e-flex e-con-boxed e-con e-parent\" data-id=\"688203d\" data-element_type=\"container\" data-e-type=\"container\">\n\t\t\t\t\t<div class=\"e-con-inner\">\n\t\t\t\t<div class=\"elementor-element elementor-element-b33d33a elementor-align-center elementor-widget elementor-widget-etheme_advanced_headline\" data-id=\"b33d33a\" data-element_type=\"widget\" data-e-type=\"widget\" data-widget_type=\"etheme_advanced_headline.default\">\n\t\t\t\t<div class=\"elementor-widget-container\">\n\t\t\t\t\t        \n        <div class=\"etheme-a-h-wrapper\">\n        \n            \n\t\t\t\n        <h1 class=\"etheme-advanced-headline etheme-advanced-headline-mask\">\n\n            Saraysa, Building Decoration: shutters and a modern living space, the architect of the Transparent\n        <\/h1>\n\t\t\n                            <p class=\"etheme-a-h-text-after\">\n                    Saraysa, the Building Decoration, the technology in the construction industry for many years, combine it with our experience. It's not just a security measure, we manufacture solid polycarbonate systems that improves the comfort of your living area. Our manufacturer identity; solutions in winter garden, patio transparent and automatic shutdown systems to Turkey, shutter projects, we are bringing to European standards.                <\/p>\n                    \n        <\/div>\n        \n\t\t\t\t\t\t<\/div>\n\t\t\t\t<\/div>\n\t\t\t\t\t<\/div>\n\t\t\t\t<\/div>\n\t\t<div class=\"elementor-element elementor-element-f5ea3b3 e-flex e-con-boxed e-con e-parent\" data-id=\"f5ea3b3\" data-element_type=\"container\" data-e-type=\"container\">\n\t\t\t\t\t<div class=\"e-con-inner\">\n\t\t<div class=\"elementor-element elementor-element-24bb7b6 e-con-full e-flex e-con e-child\" data-id=\"24bb7b6\" data-element_type=\"container\" data-e-type=\"container\" data-settings=\"{&quot;background_background&quot;:&quot;classic&quot;}\">\n\t\t\t\t<div class=\"elementor-element elementor-element-80f1eee elementor-widget elementor-widget-image\" data-id=\"80f1eee\" data-element_type=\"widget\" data-e-type=\"widget\" data-widget_type=\"image.default\">\n\t\t\t\t<div class=\"elementor-widget-container\">\n\t\t\t\t\t\t\t\t\t\t\t\t\t\t\t<img loading=\"lazy\" decoding=\"async\" width=\"1170\" height=\"1882\" src=\"https:\/\/saraysa.net\/wp-content\/uploads\/2025\/07\/WhatsApp-Image-2025-07-15-at-18.16.50-2.jpeg\" class=\"attachment-full size-full wp-image-1132\" alt=\"\" srcset=\"https:\/\/saraysa.net\/wp-content\/uploads\/2025\/07\/WhatsApp-Image-2025-07-15-at-18.16.50-2.jpeg 1170w, https:\/\/saraysa.net\/wp-content\/uploads\/2025\/07\/WhatsApp-Image-2025-07-15-at-18.16.50-2-187x300.jpeg 187w, https:\/\/saraysa.net\/wp-content\/uploads\/2025\/07\/WhatsApp-Image-2025-07-15-at-18.16.50-2-637x1024.jpeg 637w, https:\/\/saraysa.net\/wp-content\/uploads\/2025\/07\/WhatsApp-Image-2025-07-15-at-18.16.50-2-768x1235.jpeg 768w, https:\/\/saraysa.net\/wp-content\/uploads\/2025\/07\/WhatsApp-Image-2025-07-15-at-18.16.50-2-955x1536.jpeg 955w, https:\/\/saraysa.net\/wp-content\/uploads\/2025\/07\/WhatsApp-Image-2025-07-15-at-18.16.50-2-600x965.jpeg 600w, https:\/\/saraysa.net\/wp-content\/uploads\/2025\/07\/WhatsApp-Image-2025-07-15-at-18.16.50-2-1x1.jpeg 1w, https:\/\/saraysa.net\/wp-content\/uploads\/2025\/07\/WhatsApp-Image-2025-07-15-at-18.16.50-2-6x10.jpeg 6w\" sizes=\"auto, (max-width: 1170px) 100vw, 1170px\" \/>\t\t\t\t\t\t\t\t\t\t\t\t\t\t\t<\/div>\n\t\t\t\t<\/div>\n\t\t<div class=\"elementor-element elementor-element-ded9b6f e-con-full e-flex e-con e-child\" data-id=\"ded9b6f\" data-element_type=\"container\" data-e-type=\"container\">\n\t\t\t\t<div class=\"elementor-element elementor-element-75148bf elementor-widget elementor-widget-heading\" data-id=\"75148bf\" data-element_type=\"widget\" data-e-type=\"widget\" data-widget_type=\"heading.default\">\n\t\t\t\t<div class=\"elementor-widget-container\">\n\t\t\t\t\t<h1 class=\"elementor-heading-title elementor-size-default\">Our vision<\/h1>\t\t\t\t<\/div>\n\t\t\t\t<\/div>\n\t\t\t\t<div class=\"elementor-element elementor-element-44e7111 elementor-widget elementor-widget-text-editor\" data-id=\"44e7111\" data-element_type=\"widget\" data-e-type=\"widget\" data-widget_type=\"text-editor.default\">\n\t\t\t\t<div class=\"elementor-widget-container\">\n\t\t\t\t\t\t\t\t\tWorld-class products and service to become a leading brand in the industry with you.\t\t\t\t\t\t\t\t<\/div>\n\t\t\t\t<\/div>\n\t\t\t\t<div class=\"elementor-element elementor-element-9d76409 elementor-widget elementor-widget-text-editor\" data-id=\"9d76409\" data-element_type=\"widget\" data-e-type=\"widget\" data-widget_type=\"text-editor.default\">\n\t\t\t\t<div class=\"elementor-widget-container\">\n\t\t\t\t\t\t\t\t\tSara's structural systems, exterior systems is an innovative company that specializes in protection and shading. Transparent shutters, curtain, zip, bioklimatik pergola and pergola with modern solutions, such as fabric offers a combination of security and comfort.\t\t\t\t\t\t\t\t<\/div>\n\t\t\t\t<\/div>\n\t\t\t\t<\/div>\n\t\t\t\t<\/div>\n\t\t<div class=\"elementor-element elementor-element-57a88e5 e-con-full e-flex e-con e-child\" data-id=\"57a88e5\" data-element_type=\"container\" data-e-type=\"container\" data-settings=\"{&quot;background_background&quot;:&quot;classic&quot;}\">\n\t\t\t\t<div class=\"elementor-element elementor-element-88137f2 elementor-widget elementor-widget-image\" data-id=\"88137f2\" data-element_type=\"widget\" data-e-type=\"widget\" data-widget_type=\"image.default\">\n\t\t\t\t<div class=\"elementor-widget-container\">\n\t\t\t\t\t\t\t\t\t\t\t\t\t\t\t<img loading=\"lazy\" decoding=\"async\" width=\"1024\" height=\"1024\" src=\"https:\/\/saraysa.net\/wp-content\/uploads\/2024\/07\/WhatsApp-Image-2025-06-20-at-20.13.00.jpeg\" class=\"attachment-large size-large wp-image-1003\" alt=\"transparent shutters\" srcset=\"https:\/\/saraysa.net\/wp-content\/uploads\/2024\/07\/WhatsApp-Image-2025-06-20-at-20.13.00.jpeg 1024w, https:\/\/saraysa.net\/wp-content\/uploads\/2024\/07\/WhatsApp-Image-2025-06-20-at-20.13.00-300x300.jpeg 300w, https:\/\/saraysa.net\/wp-content\/uploads\/2024\/07\/WhatsApp-Image-2025-06-20-at-20.13.00-150x150.jpeg 150w, https:\/\/saraysa.net\/wp-content\/uploads\/2024\/07\/WhatsApp-Image-2025-06-20-at-20.13.00-768x768.jpeg 768w, https:\/\/saraysa.net\/wp-content\/uploads\/2024\/07\/WhatsApp-Image-2025-06-20-at-20.13.00-600x600.jpeg 600w, https:\/\/saraysa.net\/wp-content\/uploads\/2024\/07\/WhatsApp-Image-2025-06-20-at-20.13.00-100x100.jpeg 100w, https:\/\/saraysa.net\/wp-content\/uploads\/2024\/07\/WhatsApp-Image-2025-06-20-at-20.13.00-1x1.jpeg 1w, https:\/\/saraysa.net\/wp-content\/uploads\/2024\/07\/WhatsApp-Image-2025-06-20-at-20.13.00-10x10.jpeg 10w\" sizes=\"auto, (max-width: 1024px) 100vw, 1024px\" \/>\t\t\t\t\t\t\t\t\t\t\t\t\t\t\t<\/div>\n\t\t\t\t<\/div>\n\t\t<div class=\"elementor-element elementor-element-5550b0a e-con-full e-flex e-con e-child\" data-id=\"5550b0a\" data-element_type=\"container\" data-e-type=\"container\">\n\t\t\t\t<div class=\"elementor-element elementor-element-fd122c2 elementor-widget elementor-widget-heading\" data-id=\"fd122c2\" data-element_type=\"widget\" data-e-type=\"widget\" data-widget_type=\"heading.default\">\n\t\t\t\t<div class=\"elementor-widget-container\">\n\t\t\t\t\t<h2 class=\"elementor-heading-title elementor-size-default\">VisiGuard Transparent About Shutters<\/h2>\t\t\t\t<\/div>\n\t\t\t\t<\/div>\n\t\t\t\t<div class=\"elementor-element elementor-element-04cb0f6 elementor-widget elementor-widget-text-editor\" data-id=\"04cb0f6\" data-element_type=\"widget\" data-e-type=\"widget\" data-widget_type=\"text-editor.default\">\n\t\t\t\t<div class=\"elementor-widget-container\">\n\t\t\t\t\t\t\t\t\t<p><strong>Visiguard transparent shutter systems<\/strong>glass while offering a clear view, and high impact resistance polycarbonate is produced from a material that provides protection against external factors.<br \/>Especially in Winter Gardens, shops, showrooms, shopping malls, pharmacies, such as in the areas of showcase jewellers and cafe fronts <strong>aesthetics and safety<\/strong> combines.<\/p><p>Easy to use thanks to the motor system, while providing maximum visibility day and night allows. Strong aluminum and carrier system <strong>UV<\/strong> doped with polycarbonate panels <strong>safe handling of the four seasons<\/strong> delivers.<\/p>\t\t\t\t\t\t\t\t<\/div>\n\t\t\t\t<\/div>\n\t\t\t\t<\/div>\n\t\t\t\t<\/div>\n\t\t\t\t\t<\/div>\n\t\t\t\t<\/div>\n\t\t<div class=\"elementor-element elementor-element-b04e040 e-flex e-con-boxed e-con e-parent\" data-id=\"b04e040\" data-element_type=\"container\" data-e-type=\"container\">\n\t\t\t\t\t<div class=\"e-con-inner\">\n\t\t\t\t<div class=\"elementor-element elementor-element-ae7a4bd elementor-align-left elementor-widget elementor-widget-etheme_advanced_headline\" data-id=\"ae7a4bd\" data-element_type=\"widget\" data-e-type=\"widget\" data-widget_type=\"etheme_advanced_headline.default\">\n\t\t\t\t<div class=\"elementor-widget-container\">\n\t\t\t\t\t        \n        <div class=\"etheme-a-h-wrapper\">\n        \n                            <span class=\"etheme-a-h-text-before\">\n                    How it works                <\/span>\n            \n\t\t\t\n        <h2 class=\"etheme-advanced-headline etheme-advanced-headline-mask\">\n\n            Our process\n        <\/h2>\n\t\t\n                    \n        <\/div>\n        \n\t\t\t\t\t\t<\/div>\n\t\t\t\t<\/div>\n\t\t<div class=\"elementor-element elementor-element-e909a89 e-con-full e-flex e-con e-child\" data-id=\"e909a89\" data-element_type=\"container\" data-e-type=\"container\">\n\t\t\t\t<div class=\"elementor-element elementor-element-3ad4923 elementor-align-left elementor-widget elementor-widget-etheme_icon_box\" data-id=\"3ad4923\" data-element_type=\"widget\" data-e-type=\"widget\" data-settings=\"{&quot;icon_type&quot;:&quot;image&quot;}\" data-widget_type=\"etheme_icon_box.default\">\n\t\t\t\t<div class=\"elementor-widget-container\">\n\t\t\t\t\t\t\t\t<div class=\"etheme-icon-box etheme-icon-box-icon-position-top\">\n        \n                            \n                <div class=\"etheme-icon-box-icon etheme-icon-box-icon-type-image\">\n        \n                <img loading=\"lazy\" decoding=\"async\" width=\"410\" height=\"71\" src=\"https:\/\/saraysa.net\/wp-content\/uploads\/elementor\/thumbs\/xstore-placeholder-qtf32fvuxlzd9m9h8s7jxrnqxch5jfoq3affnhixrc.png\" class=\"attachment-full size-full wp-image-521 lazyload lazyload-simple et-lazyload-fadeIn\" alt=\"\" data-src=\"https:\/\/saraysa.net\/wp-content\/uploads\/2024\/07\/Group-2-1.png\" \/>        \n                <\/div>\n            \n                <div class=\"etheme-icon-box-content\">\n\t\t\n                                        \n                                            <h3 class=\"etheme-icon-box-title\">\n                            <span>We're listening<\/span>\n                        <\/h3>\n                    \t\t\n                    \n                            \n                <\/div>\n\t\t\t<\/div>\n\t\t\t\t\t\t<\/div>\n\t\t\t\t<\/div>\n\t\t\t\t<div class=\"elementor-element elementor-element-66a4edb elementor-align-left elementor-widget elementor-widget-etheme_icon_box\" data-id=\"66a4edb\" data-element_type=\"widget\" data-e-type=\"widget\" data-settings=\"{&quot;icon_type&quot;:&quot;image&quot;}\" data-widget_type=\"etheme_icon_box.default\">\n\t\t\t\t<div class=\"elementor-widget-container\">\n\t\t\t\t\t\t\t\t<div class=\"etheme-icon-box etheme-icon-box-icon-position-top\">\n        \n                            \n                <div class=\"etheme-icon-box-icon etheme-icon-box-icon-type-image\">\n        \n                <img loading=\"lazy\" decoding=\"async\" width=\"410\" height=\"71\" src=\"https:\/\/saraysa.net\/wp-content\/uploads\/elementor\/thumbs\/xstore-placeholder-qtf32fvuxlzd9m9h8s7jxrnqxch5jfoq3affnhixrc.png\" class=\"attachment-full size-full wp-image-521 lazyload lazyload-simple et-lazyload-fadeIn\" alt=\"\" data-src=\"https:\/\/saraysa.net\/wp-content\/uploads\/2024\/07\/Group-2-1.png\" \/>        \n                <\/div>\n            \n                <div class=\"etheme-icon-box-content\">\n\t\t\n                                        \n                                            <h3 class=\"etheme-icon-box-title\">\n                            <span>Ideas We Create<\/span>\n                        <\/h3>\n                    \t\t\n                    \n                            \n                <\/div>\n\t\t\t<\/div>\n\t\t\t\t\t\t<\/div>\n\t\t\t\t<\/div>\n\t\t\t\t<div class=\"elementor-element elementor-element-94ed7ab elementor-align-left elementor-widget elementor-widget-etheme_icon_box\" data-id=\"94ed7ab\" data-element_type=\"widget\" data-e-type=\"widget\" data-settings=\"{&quot;icon_type&quot;:&quot;image&quot;}\" data-widget_type=\"etheme_icon_box.default\">\n\t\t\t\t<div class=\"elementor-widget-container\">\n\t\t\t\t\t\t\t\t<div class=\"etheme-icon-box etheme-icon-box-icon-position-top\">\n        \n                            \n                <div class=\"etheme-icon-box-icon etheme-icon-box-icon-type-image\">\n        \n                <img loading=\"lazy\" decoding=\"async\" width=\"410\" height=\"71\" src=\"https:\/\/saraysa.net\/wp-content\/uploads\/elementor\/thumbs\/xstore-placeholder-qtf32fvuxlzd9m9h8s7jxrnqxch5jfoq3affnhixrc.png\" class=\"attachment-full size-full wp-image-521 lazyload lazyload-simple et-lazyload-fadeIn\" alt=\"\" data-src=\"https:\/\/saraysa.net\/wp-content\/uploads\/2024\/07\/Group-2-1.png\" \/>        \n                <\/div>\n            \n                <div class=\"etheme-icon-box-content\">\n\t\t\n                                        \n                                            <h3 class=\"etheme-icon-box-title\">\n                            <span>Doing The Planning<\/span>\n                        <\/h3>\n                    \t\t\n                    \n                            \n                <\/div>\n\t\t\t<\/div>\n\t\t\t\t\t\t<\/div>\n\t\t\t\t<\/div>\n\t\t\t\t<\/div>\n\t\t\t\t\t<\/div>\n\t\t\t\t<\/div>\n\t\t<div class=\"elementor-element elementor-element-4f0e7ac0 e-flex e-con-boxed e-con e-parent\" data-id=\"4f0e7ac0\" data-element_type=\"container\" data-e-type=\"container\" data-settings=\"{&quot;background_background&quot;:&quot;classic&quot;}\">\n\t\t\t\t\t<div class=\"e-con-inner\">\n\t\t<div class=\"elementor-element elementor-element-52e7877 e-con-full e-flex e-con e-child\" data-id=\"52e7877\" data-element_type=\"container\" data-e-type=\"container\">\n\t\t\t\t<div class=\"elementor-element elementor-element-edf100f elementor-widget elementor-widget-text-editor\" data-id=\"edf100f\" data-element_type=\"widget\" data-e-type=\"widget\" data-widget_type=\"text-editor.default\">\n\t\t\t\t<div class=\"elementor-widget-container\">\n\t\t\t\t\t\t\t\t\t<p>Community<br \/>We create<\/p>\t\t\t\t\t\t\t\t<\/div>\n\t\t\t\t<\/div>\n\t\t\t\t<div class=\"elementor-element elementor-element-8b3bea3 elementor-widget elementor-widget-text-editor\" data-id=\"8b3bea3\" data-element_type=\"widget\" data-e-type=\"widget\" data-widget_type=\"text-editor.default\">\n\t\t\t\t<div class=\"elementor-widget-container\">\n\t\t\t\t\t\t\t\t\t<p><strong>Saraysa<\/strong>both protects and beautifies your outer spaces. Modern living spaces custom-designed <strong>VisiGuard<\/strong> transparent shutters and building solutions.<\/p>\t\t\t\t\t\t\t\t<\/div>\n\t\t\t\t<\/div>\n\t\t\t\t<\/div>\n\t\t<div class=\"elementor-element elementor-element-78ce4f2 e-con-full e-flex e-con e-child\" data-id=\"78ce4f2\" data-element_type=\"container\" data-e-type=\"container\">\n\t\t\t\t<div class=\"elementor-element elementor-element-ae97d4a elementor-widget elementor-widget-counter\" data-id=\"ae97d4a\" data-element_type=\"widget\" data-e-type=\"widget\" data-widget_type=\"counter.default\">\n\t\t\t\t<div class=\"elementor-widget-container\">\n\t\t\t\t\t\t\t<div class=\"elementor-counter\">\n\t\t\t<div class=\"elementor-counter-title\">Location<\/div>\t\t\t<div class=\"elementor-counter-number-wrapper\">\n\t\t\t\t<span class=\"elementor-counter-number-prefix\"><\/span>\n\t\t\t\t<span class=\"elementor-counter-number\" data-duration=\"2000\" data-to-value=\"650\" data-from-value=\"0\" data-delimiter=\",\">0<\/span>\n\t\t\t\t<span class=\"elementor-counter-number-suffix\"><\/span>\n\t\t\t<\/div>\n\t\t<\/div>\n\t\t\t\t\t\t<\/div>\n\t\t\t\t<\/div>\n\t\t\t\t<div class=\"elementor-element elementor-element-bd4645f elementor-widget elementor-widget-counter\" data-id=\"bd4645f\" data-element_type=\"widget\" data-e-type=\"widget\" data-widget_type=\"counter.default\">\n\t\t\t\t<div class=\"elementor-widget-container\">\n\t\t\t\t\t\t\t<div class=\"elementor-counter\">\n\t\t\t<div class=\"elementor-counter-title\">Continental<\/div>\t\t\t<div class=\"elementor-counter-number-wrapper\">\n\t\t\t\t<span class=\"elementor-counter-number-prefix\"><\/span>\n\t\t\t\t<span class=\"elementor-counter-number\" data-duration=\"2000\" data-to-value=\"7\" data-from-value=\"0\" data-delimiter=\",\">0<\/span>\n\t\t\t\t<span class=\"elementor-counter-number-suffix\"><\/span>\n\t\t\t<\/div>\n\t\t<\/div>\n\t\t\t\t\t\t<\/div>\n\t\t\t\t<\/div>\n\t\t\t\t<div class=\"elementor-element elementor-element-c5eb17c elementor-widget elementor-widget-counter\" data-id=\"c5eb17c\" data-element_type=\"widget\" data-e-type=\"widget\" data-widget_type=\"counter.default\">\n\t\t\t\t<div class=\"elementor-widget-container\">\n\t\t\t\t\t\t\t<div class=\"elementor-counter\">\n\t\t\t<div class=\"elementor-counter-title\">Running<\/div>\t\t\t<div class=\"elementor-counter-number-wrapper\">\n\t\t\t\t<span class=\"elementor-counter-number-prefix\"><\/span>\n\t\t\t\t<span class=\"elementor-counter-number\" data-duration=\"2000\" data-to-value=\"300\" data-from-value=\"0\" data-delimiter=\",\">0<\/span>\n\t\t\t\t<span class=\"elementor-counter-number-suffix\">+<\/span>\n\t\t\t<\/div>\n\t\t<\/div>\n\t\t\t\t\t\t<\/div>\n\t\t\t\t<\/div>\n\t\t\t\t<\/div>\n\t\t\t\t\t<\/div>\n\t\t\t\t<\/div>\n\t\t<div class=\"elementor-element elementor-element-3c30850 e-flex e-con-boxed e-con e-parent\" data-id=\"3c30850\" data-element_type=\"container\" data-e-type=\"container\">\n\t\t\t\t\t<div class=\"e-con-inner\">\n\t\t\t\t<div class=\"elementor-element elementor-element-7e02c65 elementor-widget elementor-widget-text-editor\" data-id=\"7e02c65\" data-element_type=\"widget\" data-e-type=\"widget\" data-widget_type=\"text-editor.default\">\n\t\t\t\t<div class=\"elementor-widget-container\">\n\t\t\t\t\t\t\t\t\t<p data-path-to-node=\"23\"><b data-path-to-node=\"23\" data-index-in-node=\"0\">Our Areas Of Expertise:<\/b><\/p><ul data-path-to-node=\"24\"><li><p data-path-to-node=\"24,0,0\"><b data-path-to-node=\"24,0,0\" data-index-in-node=\"0\">Transparent Shutter Systems:<\/b> Aesthetic protection for shops and shop windows.<\/p><\/li><li><p data-path-to-node=\"24,1,0\"><b data-path-to-node=\"24,1,0\" data-index-in-node=\"0\">Winter garden and patio:<\/b> The seasonal conditions are not affected by automatic sealing solutions.<\/p><\/li><li><p data-path-to-node=\"24,2,0\"><b data-path-to-node=\"24,2,0\" data-index-in-node=\"0\">The Pergola On The Side Of Sealing:<\/b> Transparent armor against wind and rain.<\/p><\/li><li><p data-path-to-node=\"24,3,0\"><b data-path-to-node=\"24,3,0\" data-index-in-node=\"0\">Solid Polycarbonate Manufacture:<\/b> Unbreakable, fireproof and UV-protected material.<\/p><\/li><\/ul><h2><a href=\"#saraysa-yapi-dekorasyon\"><em>SARAYSA BUILDING DECORATION<\/em><\/a><\/h2><p><a href=\"https:\/\/saraysa.net\/en\/contact\/\">Go To The Contact Page<\/a><\/p><p>Our Instagram Page: <a href=\"https:\/\/www.instagram.com\/saraysacom\" target=\"_blank\" rel=\"noopener\">@saraysacom<\/a><\/p><p>\u00a0<\/p><h1 data-path-to-node=\"5\">Saraysa: Transparent shutters and a modern living space, the architect of<\/h1><p data-path-to-node=\"6\"><b data-path-to-node=\"6\" data-index-in-node=\"0\">Saraysa Building Decoration<\/b> as since its inception, the construction industry and changing standards of \u201cimpossible\u201d to blend with the aesthetics of We have our own mission. Our journey safety-centric solutions, we start today with the technology we have developed not only protect your property and does not <b data-path-to-node=\"6\" data-index-in-node=\"295\">Winter Garden<\/b>patio pergola and can be used in the areas such as your living spaces of comfort, we turn to the four seasons.<\/p><p data-path-to-node=\"7\">We perform the production in Turkey with European standards and quality <b data-path-to-node=\"7\" data-index-in-node=\"87\">solid polycarbonate systems<\/b> we add value to architectural projects. For us, transparency is not a property not only material; at the same time, it is the basis of the relationships we have with our customers from production to installation.<\/p><h2 data-path-to-node=\"8\">Technology in the productive forces and the indigenous<\/h2><p data-path-to-node=\"9\">Sara, if a brokerage firm is a manufacturer of the work in the kitchen. We have committed our facilities <b data-path-to-node=\"9\" data-index-in-node=\"103\">solid polycarbonate<\/b> the raw material, engineered with aluminum profiles by combining the world's most durable transparent cover systems we produce.<\/p><p data-path-to-node=\"10\">\u201cTransparent as glass, hard as steel\u201d, we came up with the motto In this way, R &amp; D studies we attach great importance to. We produce each <b data-path-to-node=\"10\" data-index-in-node=\"133\">transparent shutters<\/b> the plates in the laboratory impact, fire resistance and UV resistance testing must pass. Thanks to this rigorous production process, every project that bears the signature if the palace for years without turning yellow, broken and deformed without the aesthetics of the first day protects.<\/p><h2 data-path-to-node=\"11\">Security Comfort: Life In The Areas Of Transformation<\/h2><p data-path-to-node=\"12\">Traditional shutter systems, venues snatcher from the outside world, the walls were dark and cold. As if Sara's is why we have this perception. Jewelers does not protect from thieves just now stores or our systems; <b data-path-to-node=\"12\" data-index-in-node=\"214\">villa, detached house, cafes and restaurants<\/b> complement the architectural integrity.<\/p><p data-path-to-node=\"13\">To our vision of the new generation;<\/p><ul data-path-to-node=\"14\"><li><p data-path-to-node=\"14,0,0\"><b data-path-to-node=\"14,0,0\" data-index-in-node=\"0\">Winter Garden Solutions:<\/b> We provide gardening compromise even eliminate your pleasure in cold weather.<\/p><\/li><li><p data-path-to-node=\"14,1,0\"><b data-path-to-node=\"14,1,0\" data-index-in-node=\"0\">Patio Systems:<\/b> Wind, rain or snow... transform your porch into a room that sheltered our automated system within seconds.<\/p><\/li><li><p data-path-to-node=\"14,2,0\"><b data-path-to-node=\"14,2,0\" data-index-in-node=\"0\">The Pergola On The Side Of Sealing:<\/b> Your outdoor area, we're saving without interrupting your views from the effects of the wind.<\/p><\/li><\/ul><p data-path-to-node=\"15\">Our goal is to protect you from nature's harsh conditions, nature without breaking it. Thanks to our transparent structure, it's snowing outside, when inside you to enjoy the view can be enjoyed with a hot coffee.<\/p><h2 data-path-to-node=\"16\">Solid Polycarbonate What Is Technology?<\/h2><p data-path-to-node=\"17\">Sara's the secret behind the quality if we use the high-tech raw material. <b data-path-to-node=\"17\" data-index-in-node=\"84\">Solid polycarbonate<\/b>, 200 times more durable than glass, but 50% is a material that is lighter. The shield used in aircraft windshields and security in this technology, which is the palace's homes and if your business is going places.<\/p><p data-path-to-node=\"18\">This material, thanks to our systems;<\/p><ul data-path-to-node=\"19\"><li><p data-path-to-node=\"19,0,0\"><b data-path-to-node=\"19,0,0\" data-index-in-node=\"0\">Unbreakable:<\/b> The most severe storms and hail resistant.<\/p><\/li><li><p data-path-to-node=\"19,1,0\"><b data-path-to-node=\"19,1,0\" data-index-in-node=\"0\">UV protected:<\/b> Filters out the harmful rays of the sun, the color of your goods preserved.<\/p><\/li><li><p data-path-to-node=\"19,2,0\"><b data-path-to-node=\"19,2,0\" data-index-in-node=\"0\">Insulated:<\/b> The specific fuse in the connection profile thanks to wind-and sound insulation.<\/p><\/li><\/ul><h2 id=\"saraysa-yapi-dekorasyon\" data-path-to-node=\"20\">The Vision Of Stretching From Turkey To Europe<\/h2><p data-path-to-node=\"21\">Confidence and success in the local market, now we are moving into the international arena. If Sara's,Building Decoration, <b data-path-to-node=\"21\" data-index-in-node=\"118\">European countries and the Balkans<\/b> particularly, the quality of Turkish goods we export to the world. In the globalizing world, there is a need for universal aesthetics and safety with the awareness that we are expanding our export network every day.<\/p><p data-path-to-node=\"22\">Wanna in Istanbul in a store, or a Winter Garden in Berlin, or a cafe in Athens; the touches of saraysa everywhere, confidence, has the aesthetics and comfort.<\/p><p data-path-to-node=\"23\">Move beyond the limits of the palace to the living space of your dreams if that's always ready to be your solution partner.<\/p><p data-path-to-node=\"23\">Explore the potential of your place. Architectural design support and custom size for your project contact our team.<\/p>\t\t\t\t\t\t\t\t<\/div>\n\t\t\t\t<\/div>\n\t\t\t\t\t<\/div>\n\t\t\t\t<\/div>\n\t\t\t\t<\/div>","protected":false},"excerpt":{"rendered":"<p>Saraysa Yap\u0131 Dekorasyon: \u015eeffaf Kepenk ve Modern Ya\u015fam Alanlar\u0131n\u0131n Mimar\u0131 Saraysa Yap\u0131 Dekorasyon olarak, y\u0131llard\u0131r yap\u0131 sekt\u00f6r\u00fcnde edindi\u011fimiz tecr\u00fcbeyi teknoloji ile birle\u015ftiriyoruz. Sadece bir g\u00fcvenlik&#8230;<\/p>","protected":false},"author":1,"featured_media":0,"parent":0,"menu_order":0,"comment_status":"closed","ping_status":"closed","template":"","meta":{"footnotes":""},"class_list":["post-78","page","type-page","status-publish","hentry"],"_links":{"self":[{"href":"https:\/\/saraysa.net\/en\/wp-json\/wp\/v2\/pages\/78","targetHints":{"allow":["GET"]}}],"collection":[{"href":"https:\/\/saraysa.net\/en\/wp-json\/wp\/v2\/pages"}],"about":[{"href":"https:\/\/saraysa.net\/en\/wp-json\/wp\/v2\/types\/page"}],"author":[{"embeddable":true,"href":"https:\/\/saraysa.net\/en\/wp-json\/wp\/v2\/users\/1"}],"replies":[{"embeddable":true,"href":"https:\/\/saraysa.net\/en\/wp-json\/wp\/v2\/comments?post=78"}],"version-history":[{"count":19,"href":"https:\/\/saraysa.net\/en\/wp-json\/wp\/v2\/pages\/78\/revisions"}],"predecessor-version":[{"id":1367,"href":"https:\/\/saraysa.net\/en\/wp-json\/wp\/v2\/pages\/78\/revisions\/1367"}],"wp:attachment":[{"href":"https:\/\/saraysa.net\/en\/wp-json\/wp\/v2\/media?parent=78"}],"curies":[{"name":"wp","href":"https:\/\/api.w.org\/{rel}","templated":true}]}}